{"id":245,"date":"2025-03-04T12:45:54","date_gmt":"2025-03-04T11:45:54","guid":{"rendered":"https:\/\/educatingcities.brussels\/en\/?page_id=245"},"modified":"2025-03-10T21:40:21","modified_gmt":"2025-03-10T20:40:21","slug":"study-visits","status":"publish","type":"page","link":"https:\/\/educatingcities.brussels\/en\/study-visits\/","title":{"rendered":"Study visits"},"content":{"rendered":"\n<div class=\"wp-block-cover alignfull has-parallax has-custom-content-position is-position-bottom-center wp-duotone-unset-1\" style=\"margin-top:0;margin-bottom:0;padding-top:var(--wp--preset--spacing--50);padding-right:var(--wp--preset--spacing--50);padding-bottom:var(--wp--preset--spacing--50);padding-left:var(--wp--preset--spacing--50);min-height:568px;aspect-ratio:unset;\"><span aria-hidden=\"true\" class=\"wp-block-cover__background has-background-dim-40 has-background-dim\"><\/span><div class=\"wp-block-cover__image-background wp-image-186 has-parallax\" style=\"background-position:50% 50%;background-image:url(https:\/\/educatingcities.brussels\/en\/wp-content\/uploads\/sites\/4\/2025\/02\/bxl-atomium-EDIT-warmweb.jpg)\"><\/div><div class=\"wp-block-cover__inner-container has-global-padding is-layout-constrained wp-container-core-cover-is-layout-1 wp-block-cover-is-layout-constrained\">\n<div class=\"wp-block-group alignwide has-global-padding is-content-justification-left is-layout-constrained wp-container-core-group-is-layout-1 wp-block-group-is-layout-constrained\">\n<h1 class=\"wp-block-heading alignwide\">Study visits<\/h1>\n\n\n\n<p class=\"has-large-font-size\"><strong>To find out more about the city, our schools and public education initiatives, we&rsquo;re offering 5 study visits with a variety of themes!<\/strong><\/p>\n<\/div>\n<\/div><\/div>\n\n\n\n<div class=\"wp-block-group alignwide is-layout-flow wp-block-group-is-layout-flow\">\n<div style=\"height:10px\" aria-hidden=\"true\" class=\"wp-block-spacer\"><\/div>\n\n\n\n<p>\u2192 <a href=\"#1\" data-type=\"internal\" data-id=\"#19\">Developing multilingualism and soft mobility<\/a><br>\u2192 <a href=\"#2\" data-type=\"internal\" data-id=\"#20\">Opening up to the neighbourhood and the pleasure of reading in the historic Marolles district<\/a><br>\u2192 <a href=\"#3\" data-type=\"internal\" data-id=\"#3\">Crafts and 9th art at the heart of the city<\/a><br>\u2192 <a href=\"#4\" data-type=\"internal\" data-id=\"#4\">Reducing waste and promoting the circular economy <\/a><br>\u2192 <a href=\"#5\" data-type=\"internal\" data-id=\"#5\">Urban innovations to cope with drought and flooding<\/a><\/p>\n\n\n\n<hr class=\"wp-block-separator has-text-color has-contrast-color has-alpha-channel-opacity has-contrast-background-color has-background is-style-tw-dotted\" style=\"margin-top:var(--wp--preset--spacing--50);margin-bottom:var(--wp--preset--spacing--50)\"\/>\n\n\n\n<div class=\"wp-block-columns is-layout-flex wp-container-core-columns-is-layout-1 wp-block-columns-is-layout-flex\">\n<div class=\"wp-block-column is-layout-flow wp-block-column-is-layout-flow\" style=\"flex-basis:475px\">\n<h2 class=\"wp-block-heading\" id=\"1\"><strong>Developing multilingualism and soft mobility<\/strong><\/h2>\n\n\n\n<p>\ud83d\udd5c 8.45am<br>\ud83d\udccd Bourse<br>(<a href=\"https:\/\/www.google.fr\/maps\/place\/Pl.+de+la+Bourse,+1000+Bruxelles\/@50.8485736,4.3489391,19z\/data=!3m1!4b1!4m6!3m5!1s0x47c3c387820a653f:0x25c4fa4866a24d3d!8m2!3d50.8485728!4d4.3495828!16s%2Fg%2F120l3241?entry=ttu&amp;g_ep=EgoyMDI1MDMwNC4wIKXMDSoASAFQAw%3D%3D\">Place de la Bourse, 1000 Bruxelles<\/a>)<\/p>\n<\/div>\n\n\n\n<div class=\"wp-block-column is-layout-flow wp-block-column-is-layout-flow\">\n<p>In the heart of the Pentagon district, we invite you to a departure<strong> from the largest pedestrian walkway in Europe <\/strong>to discover the initiatives of the Ath\u00e9n\u00e9e L\u00e9on Lepage and then the innovative projects of the Tour \u00e0 Plomb cultural and sports center.<\/p>\n<\/div>\n<\/div>\n\n\n\n<hr class=\"wp-block-separator has-text-color has-contrast-color has-alpha-channel-opacity has-contrast-background-color has-background is-style-tw-dotted\" style=\"margin-top:var(--wp--preset--spacing--50);margin-bottom:var(--wp--preset--spacing--50)\"\/>\n\n\n\n<div class=\"wp-block-columns is-layout-flex wp-container-core-columns-is-layout-2 wp-block-columns-is-layout-flex\">\n<div class=\"wp-block-column is-layout-flow wp-block-column-is-layout-flow\" style=\"flex-basis:475px\">\n<h2 class=\"wp-block-heading\" id=\"2\">Opening up to the neighbourhood and the pleasure of reading in the historic Marolles district<\/h2>\n\n\n\n<p>\ud83d\udd5c 8.45am<br>\ud83d\udccd Biblioth\u00e8que Bruegel<br>(<a href=\"https:\/\/www.google.fr\/maps\/place\/Biblioth%C3%A8que+Bruegel\/@50.8365654,4.343054,16z\/data=!3m1!4b1!4m6!3m5!1s0x47c3c464ddd257c7:0x9dfe30b491f8101f!8m2!3d50.8365621!4d4.3479249!16s%2Fg%2F1v_nbp7x?entry=ttu&amp;g_ep=EgoyMDI1MDMwNC4wIKXMDSoASAFQAw%3D%3D\">Rue Haute, 245, 1000 Bruxelles<\/a>)<\/p>\n<\/div>\n\n\n\n<div class=\"wp-block-column is-layout-flow wp-block-column-is-layout-flow\">\n<p>Located in <strong>one of the oldest and most popular districts of Brussels<\/strong>, discover the Open + Library, accessible to all outside opening hours and without the presence of librarians.<\/p>\n\n\n\n<p>Next, <strong>let&rsquo;s explore the \u00ab\u00a0Aux ursulines\u00a0\u00bb<\/strong> rest and care home, an amazing place to live that&rsquo;s open to the neighbourhood.<\/p>\n<\/div>\n<\/div>\n\n\n\n<hr class=\"wp-block-separator has-text-color has-contrast-color has-alpha-channel-opacity has-contrast-background-color has-background is-style-tw-dotted\" style=\"margin-top:var(--wp--preset--spacing--50);margin-bottom:var(--wp--preset--spacing--50)\"\/>\n\n\n\n<div class=\"wp-block-columns is-layout-flex wp-container-core-columns-is-layout-3 wp-block-columns-is-layout-flex\">\n<div class=\"wp-block-column is-layout-flow wp-block-column-is-layout-flow\" style=\"flex-basis:475px\">\n<h2 class=\"wp-block-heading\" id=\"3\">Crafts and 9th art at the heart of the city<\/h2>\n\n\n\n<p>\ud83d\udd5c 8.45am<br>\ud83d\udccd BDth\u00e8que Brand Whitlock<br>(<a href=\"https:\/\/www.google.fr\/maps\/place\/BDth%C3%A8que+Brand+Whitlock\/@50.8415004,4.3535238,16z\/data=!3m1!4b1!4m6!3m5!1s0x47c3c47ddaa7aa19:0x13f9f3a478ed66d1!8m2!3d50.841497!4d4.3560987!16s%2Fg%2F1tfwcntg?entry=ttu&amp;g_ep=EgoyMDI1MDMwNC4wIKXMDSoASAFQAw%3D%3D\">Rue Sainte-Anne 10, 1000 Bruxelles<\/a>)<\/p>\n<\/div>\n\n\n\n<div class=\"wp-block-column is-layout-flow wp-block-column-is-layout-flow\">\n<p>In the new premises of <strong>the Jeanne Toussaint Institute of Adornment and Jewelry<\/strong>, craftsmanship is revealed at the crossroads of traditional know-how and modernity.<\/p>\n\n\n\n<p>Then, following the comic strip mural trail through the streets of the city center, we will <strong>meet at the BDth\u00e8que of the City of Brussels<\/strong>, designed to best meet the desires of its readers while also anchoring itself in the famous Sablon district.<\/p>\n<\/div>\n<\/div>\n\n\n\n<hr class=\"wp-block-separator has-text-color has-contrast-color has-alpha-channel-opacity has-contrast-background-color has-background is-style-tw-dotted\" style=\"margin-top:var(--wp--preset--spacing--50);margin-bottom:var(--wp--preset--spacing--50)\"\/>\n\n\n\n<div class=\"wp-block-columns is-layout-flex wp-container-core-columns-is-layout-4 wp-block-columns-is-layout-flex\">\n<div class=\"wp-block-column is-layout-flow wp-block-column-is-layout-flow\" style=\"flex-basis:475px\">\n<h2 class=\"wp-block-heading\" id=\"4\">Reducing waste and promoting the circular economy<\/h2>\n\n\n\n<p>\ud83d\udd5c 8.30am<br>\ud83d\udccd Bourse<br>(<a href=\"https:\/\/www.google.fr\/maps\/place\/Pl.+de+la+Bourse,+1000+Bruxelles\/@50.8485736,4.3489391,19z\/data=!3m1!4b1!4m6!3m5!1s0x47c3c387820a653f:0x25c4fa4866a24d3d!8m2!3d50.8485728!4d4.3495828!16s%2Fg%2F120l3241?entry=ttu&amp;g_ep=EgoyMDI1MDMwNC4wIKXMDSoASAFQAw%3D%3D\">Place de la Bourse, 1000 Bruxelles<\/a>)<\/p>\n<\/div>\n\n\n\n<div class=\"wp-block-column is-layout-flow wp-block-column-is-layout-flow\">\n<p>Waste management and reduction are major challenges for public institutions. We invite you<strong> to visit the \u00c9mile Andr\u00e9 primary school<\/strong>, which has developed for several years an ambitious ecological approach aimed at students, parents, and educational teams to significantly reduce waste.<\/p>\n\n\n\n<p>Right across the street,<strong> the CYCLUP project<\/strong> works on socio-professional integration while developing circular economy projects (second-hand stores, haberdashery, and upcycling shops).<\/p>\n<\/div>\n<\/div>\n\n\n\n<hr class=\"wp-block-separator has-text-color has-contrast-color has-alpha-channel-opacity has-contrast-background-color has-background is-style-tw-dotted\" style=\"margin-top:var(--wp--preset--spacing--50);margin-bottom:var(--wp--preset--spacing--50)\"\/>\n\n\n\n<div class=\"wp-block-columns is-layout-flex wp-container-core-columns-is-layout-5 wp-block-columns-is-layout-flex\">\n<div class=\"wp-block-column is-layout-flow wp-block-column-is-layout-flow\" style=\"flex-basis:475px\">\n<h2 class=\"wp-block-heading\" id=\"5\">Urban innovations to cope with drought and flooding<\/h2>\n\n\n\n<p>\ud83d\udd5c 8.30am<br>\ud83d\udccd Place De Brouck\u00e8re<br>(<a href=\"https:\/\/www.google.fr\/maps\/place\/Pl.+De+Brouck%C3%A8re,+1000+Bruxelles\/@50.8512147,4.3503123,17z\/data=!3m1!4b1!4m6!3m5!1s0x47c3c381349c77d7:0xe9b094457f48a599!8m2!3d50.8512113!4d4.3528872!16s%2Fg%2F1q5bnbfxr?entry=ttu&amp;g_ep=EgoyMDI1MDMwNC4wIKXMDSoASAFQAw%3D%3D\">Place de Brouck\u00e8re, 1000 Bruxelles<\/a>)<\/p>\n<\/div>\n\n\n\n<div class=\"wp-block-column is-layout-flow wp-block-column-is-layout-flow\">\n<p>Discover <strong>the various initiatives developed in Brussels&rsquo; northern district to counter flooding, protect against heatwaves <\/strong>and breathe new life into public spaces.<\/p>\n\n\n\n<p>Your tour begins at <strong>Emile Bockstael primary school<\/strong>, takes in Marsupilami Square and the Atomium, and ends with a visit to the courtyard of Les Magnolias primary school.<\/p>\n<\/div>\n<\/div>\n<\/div>\n\n\n\n<p><\/p>\n","protected":false},"excerpt":{"rendered":"<p>\u2192 Developing multilingualism and soft mobility\u2192 Opening up to the neighbourhood and the pleasure of reading in the historic Marolles district\u2192 Crafts and 9th art at the heart of the city\u2192 Reducing waste and promoting the circular economy \u2192 Urban innovations to cope with drought and flooding Developing multilingualism and soft mobility \ud83d\udd5c 8.45am\ud83d\udccd Bourse(Place [&hellip;]<\/p>\n","protected":false},"author":1,"featured_media":0,"parent":0,"menu_order":0,"comment_status":"closed","ping_status":"closed","template":"page-no-title","meta":{"footnotes":""},"class_list":["post-245","page","type-page","status-publish","hentry"],"_links":{"self":[{"href":"https:\/\/educatingcities.brussels\/en\/wp-json\/wp\/v2\/pages\/245","targetHints":{"allow":["GET"]}}],"collection":[{"href":"https:\/\/educatingcities.brussels\/en\/wp-json\/wp\/v2\/pages"}],"about":[{"href":"https:\/\/educatingcities.brussels\/en\/wp-json\/wp\/v2\/types\/page"}],"author":[{"embeddable":true,"href":"https:\/\/educatingcities.brussels\/en\/wp-json\/wp\/v2\/users\/1"}],"replies":[{"embeddable":true,"href":"https:\/\/educatingcities.brussels\/en\/wp-json\/wp\/v2\/comments?post=245"}],"version-history":[{"count":20,"href":"https:\/\/educatingcities.brussels\/en\/wp-json\/wp\/v2\/pages\/245\/revisions"}],"predecessor-version":[{"id":428,"href":"https:\/\/educatingcities.brussels\/en\/wp-json\/wp\/v2\/pages\/245\/revisions\/428"}],"wp:attachment":[{"href":"https:\/\/educatingcities.brussels\/en\/wp-json\/wp\/v2\/media?parent=245"}],"curies":[{"name":"wp","href":"https:\/\/api.w.org\/{rel}","templated":true}]}}