{"id":245,"date":"2025-03-04T12:45:54","date_gmt":"2025-03-04T11:45:54","guid":{"rendered":"https:\/\/educatingcities.brussels\/es\/?page_id=245"},"modified":"2025-03-10T21:39:06","modified_gmt":"2025-03-10T20:39:06","slug":"visitas-de-estudio","status":"publish","type":"page","link":"https:\/\/educatingcities.brussels\/es\/visitas-de-estudio\/","title":{"rendered":"Visitas de estudio"},"content":{"rendered":"\n<div class=\"wp-block-cover alignfull has-parallax has-custom-content-position is-position-bottom-center wp-duotone-unset-1\" style=\"margin-top:0;margin-bottom:0;padding-top:var(--wp--preset--spacing--50);padding-right:var(--wp--preset--spacing--50);padding-bottom:var(--wp--preset--spacing--50);padding-left:var(--wp--preset--spacing--50);min-height:568px;aspect-ratio:unset;\"><span aria-hidden=\"true\" class=\"wp-block-cover__background has-background-dim-40 has-background-dim\"><\/span><div class=\"wp-block-cover__image-background wp-image-186 has-parallax\" style=\"background-position:50% 50%;background-image:url(https:\/\/educatingcities.brussels\/es\/wp-content\/uploads\/sites\/5\/2025\/02\/bxl-atomium-EDIT-warmweb.jpg)\"><\/div><div class=\"wp-block-cover__inner-container has-global-padding is-layout-constrained wp-container-core-cover-is-layout-1 wp-block-cover-is-layout-constrained\">\n<div class=\"wp-block-group alignwide has-global-padding is-content-justification-left is-layout-constrained wp-container-core-group-is-layout-1 wp-block-group-is-layout-constrained\">\n<h1 class=\"wp-block-heading alignwide\">Visitas de estudio<\/h1>\n\n\n\n<p class=\"has-large-font-size\"><strong>Para conocer mejor la ciudad, nuestras escuelas y las iniciativas de educaci\u00f3n p\u00fablica, ofrecemos 5 visitas de estudio con temas variados.<\/strong><\/p>\n<\/div>\n<\/div><\/div>\n\n\n\n<div class=\"wp-block-group alignwide is-layout-flow wp-block-group-is-layout-flow\">\n<div style=\"height:10px\" aria-hidden=\"true\" class=\"wp-block-spacer\"><\/div>\n\n\n\n<p>\u2192 <a href=\"#1\" data-type=\"internal\" data-id=\"#19\">Desarrollar el multiling\u00fcismo y la movilidad flexible<\/a><br>\u2192 <a href=\"#2\" data-type=\"internal\" data-id=\"#20\">Apertura al barrio y al placer de la lectura en el hist\u00f3rico barrio de Marolles<\/a><br>\u2192 <a href=\"#3\" data-type=\"internal\" data-id=\"#3\">Artesan\u00eda y arte 9e en el coraz\u00f3n de la ciudad<\/a><br>\u2192 <a href=\"#4\" data-type=\"internal\" data-id=\"#4\">Reducci\u00f3n de residuos y fomento de la econom\u00eda circular<\/a><br>\u2192 <a href=\"#5\" data-type=\"internal\" data-id=\"#5\">Innovaciones urbanas para hacer frente a la sequ\u00eda y las inundaciones<\/a><\/p>\n\n\n\n<hr class=\"wp-block-separator has-text-color has-contrast-color has-alpha-channel-opacity has-contrast-background-color has-background is-style-tw-dotted\" style=\"margin-top:var(--wp--preset--spacing--50);margin-bottom:var(--wp--preset--spacing--50)\"\/>\n\n\n\n<div class=\"wp-block-columns is-layout-flex wp-container-core-columns-is-layout-1 wp-block-columns-is-layout-flex\">\n<div class=\"wp-block-column is-layout-flow wp-block-column-is-layout-flow\" style=\"flex-basis:475px\">\n<h2 class=\"wp-block-heading\" id=\"1\">Desarrollar el multiling\u00fcismo y la movilidad flexible<\/h2>\n\n\n\n<p>\ud83d\udd5c 8:45<br>\ud83d\udccd Bourse<br>(<a href=\"https:\/\/www.google.fr\/maps\/place\/Pl.+de+la+Bourse,+1000+Bruxelles\/@50.8485736,4.3489391,19z\/data=!3m1!4b1!4m6!3m5!1s0x47c3c387820a653f:0x25c4fa4866a24d3d!8m2!3d50.8485728!4d4.3495828!16s%2Fg%2F120l3241?entry=ttu&amp;g_ep=EgoyMDI1MDMwNC4wIKXMDSoASAFQAw%3D%3D\">Place de la Bourse, 1000 Bruxelles<\/a>)<\/p>\n<\/div>\n\n\n\n<div class=\"wp-block-column is-layout-flow wp-block-column-is-layout-flow\">\n<p><strong>En el coraz\u00f3n del barrio del Pent\u00e1gono<\/strong>, le invitamos a una salida por el paseo peatonal m\u00e1s grande de Europa para descubrir las iniciativas del Ath\u00e9n\u00e9e L\u00e9on Lepage y, a continuaci\u00f3n, los innovadores proyectos del centro cultural y deportivo Tour \u00e0 Plomb.<\/p>\n<\/div>\n<\/div>\n\n\n\n<hr class=\"wp-block-separator has-text-color has-contrast-color has-alpha-channel-opacity has-contrast-background-color has-background is-style-tw-dotted\" style=\"margin-top:var(--wp--preset--spacing--50);margin-bottom:var(--wp--preset--spacing--50)\"\/>\n\n\n\n<div class=\"wp-block-columns is-layout-flex wp-container-core-columns-is-layout-2 wp-block-columns-is-layout-flex\">\n<div class=\"wp-block-column is-layout-flow wp-block-column-is-layout-flow\" style=\"flex-basis:475px\">\n<h2 class=\"wp-block-heading\" id=\"2\">Apertura al barrio y al placer de la lectura en el hist\u00f3rico barrio de Marolles<\/h2>\n\n\n\n<p>\ud83d\udd5c 8:45<br>\ud83d\udccd Biblioth\u00e8que Bruegel<br>(<a href=\"https:\/\/www.google.fr\/maps\/place\/Biblioth%C3%A8que+Bruegel\/@50.8365654,4.343054,16z\/data=!3m1!4b1!4m6!3m5!1s0x47c3c464ddd257c7:0x9dfe30b491f8101f!8m2!3d50.8365621!4d4.3479249!16s%2Fg%2F1v_nbp7x?entry=ttu&amp;g_ep=EgoyMDI1MDMwNC4wIKXMDSoASAFQAw%3D%3D\">Rue Haute, 245, 1000 Bruxelles<\/a>)<\/p>\n<\/div>\n\n\n\n<div class=\"wp-block-column is-layout-flow wp-block-column-is-layout-flow\">\n<p>Situada en uno de los barrios m\u00e1s antiguos y populares de Bruselas, descubra<strong> la Biblioteca Open +<\/strong>, accesible a todos fuera del horario habitual de apertura y sin la presencia del personal de la biblioteca.<\/p>\n\n\n\n<p>A continuaci\u00f3n, exploremos la residencia de <strong>la tercera edad \u00ab\u00a0Aux ursulines\u00a0\u00bb<\/strong>, un sorprendente lugar para vivir abierto al vecindario.<\/p>\n<\/div>\n<\/div>\n\n\n\n<hr class=\"wp-block-separator has-text-color has-contrast-color has-alpha-channel-opacity has-contrast-background-color has-background is-style-tw-dotted\" style=\"margin-top:var(--wp--preset--spacing--50);margin-bottom:var(--wp--preset--spacing--50)\"\/>\n\n\n\n<div class=\"wp-block-columns is-layout-flex wp-container-core-columns-is-layout-3 wp-block-columns-is-layout-flex\">\n<div class=\"wp-block-column is-layout-flow wp-block-column-is-layout-flow\" style=\"flex-basis:475px\">\n<h2 class=\"wp-block-heading\" id=\"3\">Artesan\u00eda y arte 9e en el coraz\u00f3n de la ciudad<\/h2>\n\n\n\n<p>\ud83d\udd5c 8:45<br>\ud83d\udccd BDth\u00e8que Brand Whitlock<br>(<a href=\"https:\/\/www.google.fr\/maps\/place\/BDth%C3%A8que+Brand+Whitlock\/@50.8415004,4.3535238,16z\/data=!3m1!4b1!4m6!3m5!1s0x47c3c47ddaa7aa19:0x13f9f3a478ed66d1!8m2!3d50.841497!4d4.3560987!16s%2Fg%2F1tfwcntg?entry=ttu&amp;g_ep=EgoyMDI1MDMwNC4wIKXMDSoASAFQAw%3D%3D\">Rue Sainte-Anne 10, 1000 Bruxelles<\/a>)<\/p>\n<\/div>\n\n\n\n<div class=\"wp-block-column is-layout-flow wp-block-column-is-layout-flow\">\n<p>En los nuevos espacios del Instituto de Orfebrer\u00eday Joyer\u00eda Jeanne Toussaint, los oficios manuales se revelan entre el saber hacer tradicional y la modernidad.<\/p>\n\n\n\n<p>A continuaci\u00f3n, siguiendo un recorrido de murales de c\u00f3mics por las calles del centro de la ciudad, nos dirigiremos a <strong>la biblioteca de c\u00f3mics de la Ciudad de Bruselas<\/strong>, concebida para responder a las necesidades de sus lectores, pero tambi\u00e9n para anclarse en el famoso barrio del Sablon.<\/p>\n<\/div>\n<\/div>\n\n\n\n<hr class=\"wp-block-separator has-text-color has-contrast-color has-alpha-channel-opacity has-contrast-background-color has-background is-style-tw-dotted\" style=\"margin-top:var(--wp--preset--spacing--50);margin-bottom:var(--wp--preset--spacing--50)\"\/>\n\n\n\n<div class=\"wp-block-columns is-layout-flex wp-container-core-columns-is-layout-4 wp-block-columns-is-layout-flex\">\n<div class=\"wp-block-column is-layout-flow wp-block-column-is-layout-flow\" style=\"flex-basis:475px\">\n<h2 class=\"wp-block-heading\" id=\"4\">Reducci\u00f3n de residuos y fomento de la econom\u00eda circular<\/h2>\n\n\n\n<p>\ud83d\udd5c 8:30<br>\ud83d\udccd Bourse<br>(<a href=\"https:\/\/www.google.fr\/maps\/place\/Pl.+de+la+Bourse,+1000+Bruxelles\/@50.8485736,4.3489391,19z\/data=!3m1!4b1!4m6!3m5!1s0x47c3c387820a653f:0x25c4fa4866a24d3d!8m2!3d50.8485728!4d4.3495828!16s%2Fg%2F120l3241?entry=ttu&amp;g_ep=EgoyMDI1MDMwNC4wIKXMDSoASAFQAw%3D%3D\">Place de la Bourse, 1000 Bruxelles<\/a>)<\/p>\n<\/div>\n\n\n\n<div class=\"wp-block-column is-layout-flow wp-block-column-is-layout-flow\">\n<p>La gesti\u00f3n y reducci\u00f3n de residuos es una cuesti\u00f3n de primer orden para las instituciones p\u00fablicas. Le invitamos a visitar <strong>la escuela primaria Emile Andr\u00e9<\/strong>, que desde hace varios a\u00f1os desarrolla ambiciosas medidas medioambientales junto a su alumnado.<\/p>\n\n\n\n<p><strong>El proyecto CYCLUP<\/strong>, justo enfrente, trabaja para promover la integraci\u00f3n social y profesional al tiempo que desarrolla proyectos de econom\u00eda circular (tiendas de ropa de segunda mano, mercer\u00edas y boutiques UpCycling).<\/p>\n<\/div>\n<\/div>\n\n\n\n<hr class=\"wp-block-separator has-text-color has-contrast-color has-alpha-channel-opacity has-contrast-background-color has-background is-style-tw-dotted\" style=\"margin-top:var(--wp--preset--spacing--50);margin-bottom:var(--wp--preset--spacing--50)\"\/>\n\n\n\n<div class=\"wp-block-columns is-layout-flex wp-container-core-columns-is-layout-5 wp-block-columns-is-layout-flex\">\n<div class=\"wp-block-column is-layout-flow wp-block-column-is-layout-flow\" style=\"flex-basis:475px\">\n<h2 class=\"wp-block-heading\" id=\"5\">Innovaciones urbanas para hacer frente a la sequ\u00eda y las inundaciones<\/h2>\n\n\n\n<p>\ud83d\udd5c 8:30<br>\ud83d\udccd Place De Brouck\u00e8re<br>(<a href=\"https:\/\/www.google.fr\/maps\/place\/Pl.+De+Brouck%C3%A8re,+1000+Bruxelles\/@50.8512147,4.3503123,17z\/data=!3m1!4b1!4m6!3m5!1s0x47c3c381349c77d7:0xe9b094457f48a599!8m2!3d50.8512113!4d4.3528872!16s%2Fg%2F1q5bnbfxr?entry=ttu&amp;g_ep=EgoyMDI1MDMwNC4wIKXMDSoASAFQAw%3D%3D\">Place de Brouck\u00e8re, 1000 Bruxelles<\/a>)<\/p>\n<\/div>\n\n\n\n<div class=\"wp-block-column is-layout-flow wp-block-column-is-layout-flow\">\n<p>Descubra las distintas iniciativas desarrolladas en el distrito norte de Bruselas <strong>para luchar contra las inundaciones, protegerse de las olas de calor <\/strong>y devolver la vida a los espacios p\u00fablicos.<\/p>\n\n\n\n<p>El recorrido comienza en la<strong> escuela primaria Emile Bockstael<\/strong>, pasa por la plaza Marsupilami y el Atomium, y termina con una visita al patio de la escuela primaria Les Magnolias.<\/p>\n<\/div>\n<\/div>\n<\/div>\n\n\n\n<p><\/p>\n","protected":false},"excerpt":{"rendered":"<p>\u2192 Desarrollar el multiling\u00fcismo y la movilidad flexible\u2192 Apertura al barrio y al placer de la lectura en el hist\u00f3rico barrio de Marolles\u2192 Artesan\u00eda y arte 9e en el coraz\u00f3n de la ciudad\u2192 Reducci\u00f3n de residuos y fomento de la econom\u00eda circular\u2192 Innovaciones urbanas para hacer frente a la sequ\u00eda y las inundaciones Desarrollar el [&hellip;]<\/p>\n","protected":false},"author":1,"featured_media":0,"parent":0,"menu_order":0,"comment_status":"closed","ping_status":"closed","template":"page-no-title","meta":{"footnotes":""},"class_list":["post-245","page","type-page","status-publish","hentry"],"_links":{"self":[{"href":"https:\/\/educatingcities.brussels\/es\/wp-json\/wp\/v2\/pages\/245","targetHints":{"allow":["GET"]}}],"collection":[{"href":"https:\/\/educatingcities.brussels\/es\/wp-json\/wp\/v2\/pages"}],"about":[{"href":"https:\/\/educatingcities.brussels\/es\/wp-json\/wp\/v2\/types\/page"}],"author":[{"embeddable":true,"href":"https:\/\/educatingcities.brussels\/es\/wp-json\/wp\/v2\/users\/1"}],"replies":[{"embeddable":true,"href":"https:\/\/educatingcities.brussels\/es\/wp-json\/wp\/v2\/comments?post=245"}],"version-history":[{"count":15,"href":"https:\/\/educatingcities.brussels\/es\/wp-json\/wp\/v2\/pages\/245\/revisions"}],"predecessor-version":[{"id":392,"href":"https:\/\/educatingcities.brussels\/es\/wp-json\/wp\/v2\/pages\/245\/revisions\/392"}],"wp:attachment":[{"href":"https:\/\/educatingcities.brussels\/es\/wp-json\/wp\/v2\/media?parent=245"}],"curies":[{"name":"wp","href":"https:\/\/api.w.org\/{rel}","templated":true}]}}