{"id":288,"date":"2025-03-04T13:22:43","date_gmt":"2025-03-04T12:22:43","guid":{"rendered":"https:\/\/educatingcities.brussels\/es\/?page_id=288"},"modified":"2025-03-10T22:19:13","modified_gmt":"2025-03-10T21:19:13","slug":"contact-et-urgences","status":"publish","type":"page","link":"https:\/\/educatingcities.brussels\/es\/contact-et-urgences\/","title":{"rendered":"Contacto y emergencia"},"content":{"rendered":"\n<div class=\"wp-block-cover alignfull has-parallax has-custom-content-position is-position-bottom-center wp-duotone-unset-1\" style=\"margin-top:0;margin-bottom:0;padding-top:var(--wp--preset--spacing--50);padding-right:var(--wp--preset--spacing--50);padding-bottom:var(--wp--preset--spacing--50);padding-left:var(--wp--preset--spacing--50);min-height:568px;aspect-ratio:unset;\"><span aria-hidden=\"true\" class=\"wp-block-cover__background has-background-dim-40 has-background-dim\"><\/span><div class=\"wp-block-cover__image-background wp-image-186 has-parallax\" style=\"background-position:50% 50%;background-image:url(https:\/\/educatingcities.brussels\/es\/wp-content\/uploads\/sites\/5\/2025\/02\/bxl-atomium-EDIT-warmweb.jpg)\"><\/div><div class=\"wp-block-cover__inner-container has-global-padding is-layout-constrained wp-container-core-cover-is-layout-1 wp-block-cover-is-layout-constrained\">\n<div class=\"wp-block-group alignwide is-layout-flow wp-block-group-is-layout-flow\">\n<h1 class=\"wp-block-heading alignwide\">Contacto y emergencia<\/h1>\n<\/div>\n<\/div><\/div>\n\n\n\n<div class=\"wp-block-group alignwide is-layout-flow wp-block-group-is-layout-flow\">\n<div style=\"height:10px\" aria-hidden=\"true\" class=\"wp-block-spacer\"><\/div>\n\n\n\n<p>Para que su estancia en B\u00e9lgica sea lo m\u00e1s agradable posible, aqu\u00ed tiene los n\u00fameros de urgencia a los que debe dirigirse en caso de necesidad:<\/p>\n\n\n\n<ul class=\"wp-block-list\">\n<li><strong>112<\/strong> para los servicios de bomberos y ambulancias.<\/li>\n\n\n\n<li><strong>101<\/strong> para la polic\u00eda.<\/li>\n\n\n\n<li><strong>100<\/strong> en caso de urgencia m\u00e9dica, accidente, agresi\u00f3n o incendio.<\/li>\n\n\n\n<li><strong>070\/245.245<\/strong> para el centro toxicol\u00f3gico en caso de intoxicaci\u00f3n.<\/li>\n<\/ul>\n\n\n\n<p>Tambi\u00e9n puede ponerse en contacto con el Departamento de Educaci\u00f3n de la Ciudad de Bruselas: educatingcities.brussels@brucity.education<\/p>\n<\/div>\n\n\n\n<p><\/p>\n","protected":false},"excerpt":{"rendered":"<p>Para que su estancia en B\u00e9lgica sea lo m\u00e1s agradable posible, aqu\u00ed tiene los n\u00fameros de urgencia a los que debe dirigirse en caso de necesidad: Tambi\u00e9n puede ponerse en contacto con el Departamento de Educaci\u00f3n de la Ciudad de Bruselas: educatingcities.brussels@brucity.education<\/p>\n","protected":false},"author":1,"featured_media":0,"parent":0,"menu_order":0,"comment_status":"closed","ping_status":"closed","template":"page-no-title","meta":{"footnotes":""},"class_list":["post-288","page","type-page","status-publish","hentry"],"_links":{"self":[{"href":"https:\/\/educatingcities.brussels\/es\/wp-json\/wp\/v2\/pages\/288","targetHints":{"allow":["GET"]}}],"collection":[{"href":"https:\/\/educatingcities.brussels\/es\/wp-json\/wp\/v2\/pages"}],"about":[{"href":"https:\/\/educatingcities.brussels\/es\/wp-json\/wp\/v2\/types\/page"}],"author":[{"embeddable":true,"href":"https:\/\/educatingcities.brussels\/es\/wp-json\/wp\/v2\/users\/1"}],"replies":[{"embeddable":true,"href":"https:\/\/educatingcities.brussels\/es\/wp-json\/wp\/v2\/comments?post=288"}],"version-history":[{"count":6,"href":"https:\/\/educatingcities.brussels\/es\/wp-json\/wp\/v2\/pages\/288\/revisions"}],"predecessor-version":[{"id":402,"href":"https:\/\/educatingcities.brussels\/es\/wp-json\/wp\/v2\/pages\/288\/revisions\/402"}],"wp:attachment":[{"href":"https:\/\/educatingcities.brussels\/es\/wp-json\/wp\/v2\/media?parent=288"}],"curies":[{"name":"wp","href":"https:\/\/api.w.org\/{rel}","templated":true}]}}