{"id":343,"date":"2025-03-04T21:38:15","date_gmt":"2025-03-04T20:38:15","guid":{"rendered":"https:\/\/educatingcities.brussels\/es\/?page_id=343"},"modified":"2025-03-11T17:22:59","modified_gmt":"2025-03-11T16:22:59","slug":"codigo-etico","status":"publish","type":"page","link":"https:\/\/educatingcities.brussels\/es\/codigo-etico\/","title":{"rendered":"Recordatorio del C\u00f3digo \u00c9tico"},"content":{"rendered":"\n<div class=\"wp-block-cover alignfull has-parallax has-custom-content-position is-position-bottom-center wp-duotone-unset-1\" style=\"margin-top:0;margin-bottom:0;padding-top:var(--wp--preset--spacing--50);padding-right:var(--wp--preset--spacing--50);padding-bottom:var(--wp--preset--spacing--50);padding-left:var(--wp--preset--spacing--50);min-height:568px;aspect-ratio:unset;\"><span aria-hidden=\"true\" class=\"wp-block-cover__background has-background-dim-40 has-background-dim\"><\/span><div class=\"wp-block-cover__image-background wp-image-186 has-parallax\" style=\"background-position:50% 50%;background-image:url(https:\/\/educatingcities.brussels\/es\/wp-content\/uploads\/sites\/5\/2025\/02\/bxl-atomium-EDIT-warmweb.jpg)\"><\/div><div class=\"wp-block-cover__inner-container has-global-padding is-layout-constrained wp-container-core-cover-is-layout-1 wp-block-cover-is-layout-constrained\">\n<div class=\"wp-block-group alignwide has-global-padding is-content-justification-left is-layout-constrained wp-container-core-group-is-layout-1 wp-block-group-is-layout-constrained\">\n<h1 class=\"wp-block-heading alignwide\">Recordatorio del C\u00f3digo \u00c9tico<\/h1>\n\n\n\n<p class=\"has-large-font-size\"><strong>En el marco de la Asamblea General de la Asociaci\u00f3n Internacional de Ciudades Educadoras, que se celebra en la ciudad de Bruselas, es esencial reiterar la importancia de nuestro c\u00f3digo \u00e9tico.<\/strong><\/p>\n<\/div>\n<\/div><\/div>\n\n\n\n<div style=\"height:10px\" aria-hidden=\"true\" class=\"wp-block-spacer\"><\/div>\n\n\n\n<div class=\"wp-block-group alignwide is-layout-flow wp-block-group-is-layout-flow\">\n<p>Este documento, disponible como anexo , establece los principios fundamentales que gu\u00edan nuestros intercambios: respeto, inclusi\u00f3n, transparencia y compromiso colectivo. Velando por la aplicaci\u00f3n de estos principios, garantizamos un entorno propicio a un debate constructivo y enriquecedor, reflejo de los valores de nuestra red internacional.<\/p>\n\n\n\n<p>Le invitamos a leerlo y a adoptarlo como referencia a lo largo de .los diferentes d\u00edas de trabajo. Juntos, hagamos de esta Asamblea General un ejemplo de di\u00e1logo abierto y colaborativo.<\/p>\n\n\n\n<p>\ud83d\udd17 <a href=\"http:\/\/educatingcities.brussels\/wp-content\/uploads\/2025\/03\/Codigo-etico-ES-abril-2024.pdf\" data-type=\"link\" data-id=\"https:\/\/www.edcities.org\/ressources\/wp-content\/uploads\/sites\/5\/sites\/67\/2024\/05\/Code-%C3%A9thique.pdf\" target=\"_blank\" rel=\"noreferrer noopener\">Lea el C\u00f3digo \u00c9tico<\/a><\/p>\n<\/div>\n","protected":false},"excerpt":{"rendered":"<p>Este documento, disponible como anexo , establece los principios fundamentales que gu\u00edan nuestros intercambios: respeto, inclusi\u00f3n, transparencia y compromiso colectivo. Velando por la aplicaci\u00f3n de estos principios, garantizamos un entorno propicio a un debate constructivo y enriquecedor, reflejo de los valores de nuestra red internacional. Le invitamos a leerlo y a adoptarlo como referencia a [&hellip;]<\/p>\n","protected":false},"author":1,"featured_media":0,"parent":0,"menu_order":0,"comment_status":"closed","ping_status":"closed","template":"page-no-title","meta":{"footnotes":""},"class_list":["post-343","page","type-page","status-publish","hentry"],"_links":{"self":[{"href":"https:\/\/educatingcities.brussels\/es\/wp-json\/wp\/v2\/pages\/343","targetHints":{"allow":["GET"]}}],"collection":[{"href":"https:\/\/educatingcities.brussels\/es\/wp-json\/wp\/v2\/pages"}],"about":[{"href":"https:\/\/educatingcities.brussels\/es\/wp-json\/wp\/v2\/types\/page"}],"author":[{"embeddable":true,"href":"https:\/\/educatingcities.brussels\/es\/wp-json\/wp\/v2\/users\/1"}],"replies":[{"embeddable":true,"href":"https:\/\/educatingcities.brussels\/es\/wp-json\/wp\/v2\/comments?post=343"}],"version-history":[{"count":4,"href":"https:\/\/educatingcities.brussels\/es\/wp-json\/wp\/v2\/pages\/343\/revisions"}],"predecessor-version":[{"id":414,"href":"https:\/\/educatingcities.brussels\/es\/wp-json\/wp\/v2\/pages\/343\/revisions\/414"}],"wp:attachment":[{"href":"https:\/\/educatingcities.brussels\/es\/wp-json\/wp\/v2\/media?parent=343"}],"curies":[{"name":"wp","href":"https:\/\/api.w.org\/{rel}","templated":true}]}}