{"id":124,"date":"2024-11-10T10:20:11","date_gmt":"2024-11-10T10:20:11","guid":{"rendered":"https:\/\/educatingcities.brussels\/pt\/home\/"},"modified":"2025-03-31T11:21:40","modified_gmt":"2025-03-31T09:21:40","slug":"home","status":"publish","type":"page","link":"https:\/\/educatingcities.brussels\/pt\/","title":{"rendered":"Home"},"content":{"rendered":"\n<div class=\"wp-block-cover alignfull has-parallax has-custom-content-position is-position-bottom-center wp-duotone-unset-1\" style=\"margin-top:0;margin-bottom:0;padding-top:var(--wp--preset--spacing--50);padding-right:var(--wp--preset--spacing--50);padding-bottom:var(--wp--preset--spacing--50);padding-left:var(--wp--preset--spacing--50);min-height:568px;aspect-ratio:unset;\"><span aria-hidden=\"true\" class=\"wp-block-cover__background has-background-dim-40 has-background-dim\"><\/span><div class=\"wp-block-cover__image-background wp-image-186 has-parallax\" style=\"background-position:50% 50%;background-image:url(https:\/\/educatingcities.brussels\/pt\/wp-content\/uploads\/sites\/6\/2025\/02\/bxl-atomium-EDIT-warmweb.jpg)\"><\/div><div class=\"wp-block-cover__inner-container has-global-padding is-layout-constrained wp-container-core-cover-is-layout-1 wp-block-cover-is-layout-constrained\">\n<div class=\"wp-block-group alignwide has-global-padding is-content-justification-left is-layout-constrained wp-container-core-group-is-layout-1 wp-block-group-is-layout-constrained\">\n<h2 class=\"wp-block-heading has-text-align-left has-accent-1-color has-text-color has-link-color has-manrope-font-family has-xx-large-font-size wp-elements-58ee4f4cd1972d674230baab8acc5251 tw-block-animation tw-animation-fade-in\">Bem-vindos a Bruxelas!<\/h2>\n\n\n\n<p style=\"--tw-animation-delay:0.2s;\" class=\"has-accent-1-color has-text-color has-link-color has-large-font-size wp-elements-a584e46ab000778d7e1327835159a458 tw-block-animation tw-animation-fade-in\"><strong>Estamos muito felizes em receb\u00ea-los na edi\u00e7\u00e3o de 2025 da Assembleia Geral da Associa\u00e7\u00e3o Internacional de Cidades Educadoras.<\/strong><\/p>\n\n\n\n<div class=\"wp-block-buttons is-layout-flex wp-block-buttons-is-layout-flex\">\n<div class=\"wp-block-button\"><a class=\"wp-block-button__link has-contrast-color has-accent-1-background-color has-text-color has-background has-link-color wp-element-button\" href=\"https:\/\/educatingcities.brussels\/pt\/programa\"><strong>Programa di\u00e1rio<\/strong><\/a><\/div>\n\n\n\n<div class=\"wp-block-button\"><a class=\"wp-block-button__link has-contrast-color has-accent-1-background-color has-text-color has-background has-link-color wp-element-button\" href=\"https:\/\/educatingcities.brussels\/pt\/visitas-de-estudo\"><strong>Visitas de estudo<\/strong><\/a><\/div>\n<\/div>\n<\/div>\n<\/div><\/div>\n\n\n\n<div class=\"wp-block-group alignfull has-global-padding is-layout-constrained wp-block-group-is-layout-constrained\" style=\"padding-top:var(--wp--preset--spacing--40);padding-bottom:var(--wp--preset--spacing--40)\">\n<div class=\"wp-block-columns alignwide is-layout-flex wp-container-core-columns-is-layout-1 wp-block-columns-is-layout-flex\">\n<div class=\"wp-block-column is-layout-flow wp-block-column-is-layout-flow\">\n<p>Caros Membros da Associa\u00e7\u00e3o Internacional das Cidades Educadoras,<\/p>\n\n\n\n<p>\u00c9 com enorme prazer que o convidamos para a<br><strong>Assembleia Geral da Associa\u00e7\u00e3o Internacional das Cidades Educadoras, que se realizar\u00e1 de 19 a 21 de mar\u00e7o de 2025 em Bruxelas<\/strong>.<\/p>\n\n\n\n<p>Desde o s\u00e9culo XIX, a educa\u00e7\u00e3o e a aprendizagem ao longo da vida est\u00e3o no centro das preocupa\u00e7\u00f5es da nossa capital, pois a cidade de Bruxelas considera a educa\u00e7\u00e3o como <strong>uma quest\u00e3o importante e uma alavanca essencial para o desenvolvimento e emancipa\u00e7\u00e3o<\/strong>. \u00c9 por isso que a Cidade sempre trabalhou para desenvolver a sua pr\u00f3pria rede escolar municipal, \u00e0 qual dedicamos a maior parte do nosso or\u00e7amento. Hoje, com as nossas 120 escolas e bibliotecas, chegamos a todos os nossos concidad\u00e3os, desde a educa\u00e7\u00e3o pr\u00e9-escolar ao ensino superior, incluindo a educa\u00e7\u00e3o de adultos, a forma\u00e7\u00e3o cont\u00ednua ao longo da vida e a educa\u00e7\u00e3o permanente A cidade de Bruxelas tamb\u00e9m desenvolveu <strong>importantes pol\u00edticas sociais, desportivas e culturais, particularmente a favor da juventude, que s\u00e3o inclusivas e participativas<\/strong>.<\/p>\n\n\n\n<p>Durante estes dias, teremos a oportunidade de lhe apresentar in\u00fameras iniciativas educativas em Bruxelas, de lhe oferecer visitas de estudo e encontros com profissionais. Estes dias prometem estimular a reflex\u00e3o e o debate.<\/p>\n\n\n\n<p>Al\u00e9m disso, sendo Bruxelas uma cidade milenar, rica num imenso patrim\u00f3nio cultural, art\u00edstico e arquitect\u00f3nico, desde a Idade M\u00e9dia at\u00e9 aos dias de hoje, do neoclassicismo \u00e0 art nouveau e art d\u00e9co, elabor\u00e1mos uma programa\u00e7\u00e3o rica em descobertas. Por fim, a nossa cidade conta com mais de 180 nacionalidades diferentes.<\/p>\n<\/div>\n\n\n\n<div class=\"wp-block-column is-layout-flow wp-block-column-is-layout-flow\">\n<p>A coes\u00e3o social, a solidariedade e o respeito est\u00e3o, por isso, tamb\u00e9m no centro dos nossos projetos, para continuarmos a ser uma cidade onde se vive bem, <strong>uma cidade que constru\u00edmos juntos e onde praticamos um estilo de vida em que coexiste que combina a bondade quotidiana, o humor e um toque de surrealismo. Tamb\u00e9m ter\u00e1 a oportunidade de constat\u00e1-lo<\/strong>.<\/p>\n\n\n\n<p>Encontrar\u00e1 o programa completo destes dias em anexo e espero poder partilhar as nossas experi\u00eancias educativas, reciprocamente, para aprendermos uns com os outros, no interesse dos nossos habitantes.<\/p>\n\n\n\n<p>Ser\u00e1 um prazer encontr\u00e1-lo em mar\u00e7o de 2025!<\/p>\n\n\n\n<p>Com os melhores cumprimentos,<\/p>\n\n\n\n<div class=\"wp-block-media-text\" style=\"grid-template-columns:22% auto\"><figure class=\"wp-block-media-text__media\"><img loading=\"lazy\" decoding=\"async\" width=\"316\" height=\"307\" src=\"http:\/\/educatingcities.brussels\/pt\/wp-content\/uploads\/sites\/6\/2025\/02\/Capture-decran-2025-02-28-a-15.13.03.png\" alt=\"\" class=\"wp-image-198 size-full\" srcset=\"https:\/\/educatingcities.brussels\/pt\/wp-content\/uploads\/sites\/6\/2025\/02\/Capture-decran-2025-02-28-a-15.13.03.png 316w, https:\/\/educatingcities.brussels\/pt\/wp-content\/uploads\/sites\/6\/2025\/02\/Capture-decran-2025-02-28-a-15.13.03-300x291.png 300w\" sizes=\"auto, (max-width: 316px) 100vw, 316px\" \/><\/figure><div class=\"wp-block-media-text__content\">\n<p><strong>Faouzia Hariche<\/strong>, Vereadora da Educa\u00e7\u00e3o P\u00fablica, Juventude, Recursos Humanos e Primeira Inf\u00e2ncia<\/p>\n<\/div><\/div>\n\n\n\n<div class=\"wp-block-media-text\" style=\"grid-template-columns:22% auto\"><figure class=\"wp-block-media-text__media\"><img loading=\"lazy\" decoding=\"async\" width=\"718\" height=\"710\" src=\"https:\/\/educatingcities.brussels\/pt\/wp-content\/uploads\/sites\/6\/2025\/03\/Capture-decran-2025-03-04-a-20.40.25.png\" alt=\"\" class=\"wp-image-315 size-full\" srcset=\"https:\/\/educatingcities.brussels\/pt\/wp-content\/uploads\/sites\/6\/2025\/03\/Capture-decran-2025-03-04-a-20.40.25.png 718w, https:\/\/educatingcities.brussels\/pt\/wp-content\/uploads\/sites\/6\/2025\/03\/Capture-decran-2025-03-04-a-20.40.25-300x297.png 300w\" sizes=\"auto, (max-width: 718px) 100vw, 718px\" \/><\/figure><div class=\"wp-block-media-text__content\">\n<p><strong>Ana\u00efs Maes<\/strong>, Vereadora do Urbanismo e Espa\u00e7o P\u00fablico, Obras Vi\u00e1rias, Mobilidade e Ensino de L\u00edngua Neerlandesa<\/p>\n<\/div><\/div>\n\n\n\n<div class=\"wp-block-media-text\" style=\"grid-template-columns:22% auto\"><figure class=\"wp-block-media-text__media\"><img loading=\"lazy\" decoding=\"async\" width=\"536\" height=\"536\" src=\"http:\/\/educatingcities.brussels\/pt\/wp-content\/uploads\/sites\/6\/2025\/03\/Capture-decran-2025-03-05-a-17.42.36.png\" alt=\"\" class=\"wp-image-357 size-full\" srcset=\"https:\/\/educatingcities.brussels\/pt\/wp-content\/uploads\/sites\/6\/2025\/03\/Capture-decran-2025-03-05-a-17.42.36.png 536w, https:\/\/educatingcities.brussels\/pt\/wp-content\/uploads\/sites\/6\/2025\/03\/Capture-decran-2025-03-05-a-17.42.36-300x300.png 300w, https:\/\/educatingcities.brussels\/pt\/wp-content\/uploads\/sites\/6\/2025\/03\/Capture-decran-2025-03-05-a-17.42.36-150x150.png 150w\" sizes=\"auto, (max-width: 536px) 100vw, 536px\" \/><\/figure><div class=\"wp-block-media-text__content\">\n<p><strong>\u00c9milie Dupont<\/strong>, Diretora-Geral da Instru\u00e7\u00e3o P\u00fablica<\/p>\n<\/div><\/div>\n\n\n\n<div class=\"wp-block-media-text\" style=\"grid-template-columns:22% auto\"><figure class=\"wp-block-media-text__media\"><img loading=\"lazy\" decoding=\"async\" width=\"304\" height=\"305\" src=\"http:\/\/educatingcities.brussels\/pt\/wp-content\/uploads\/sites\/6\/2025\/02\/Capture-decran-2025-02-28-a-15.13.11-e1741192882333.png\" alt=\"\" class=\"wp-image-205 size-full\" srcset=\"https:\/\/educatingcities.brussels\/pt\/wp-content\/uploads\/sites\/6\/2025\/02\/Capture-decran-2025-02-28-a-15.13.11-e1741192882333.png 304w, https:\/\/educatingcities.brussels\/pt\/wp-content\/uploads\/sites\/6\/2025\/02\/Capture-decran-2025-02-28-a-15.13.11-e1741192882333-300x300.png 300w, https:\/\/educatingcities.brussels\/pt\/wp-content\/uploads\/sites\/6\/2025\/02\/Capture-decran-2025-02-28-a-15.13.11-e1741192882333-150x150.png 150w\" sizes=\"auto, (max-width: 304px) 100vw, 304px\" \/><\/figure><div class=\"wp-block-media-text__content\">\n<p><strong>Philippe Close<\/strong>, Presidente da C\u00e2mara da<br>cidade de Bruxelas<\/p>\n<\/div><\/div>\n<\/div>\n<\/div>\n<\/div>\n\n\n\n<figure class=\"wp-block-embed alignwide is-type-video is-provider-youtube wp-block-embed-youtube wp-embed-aspect-16-9 wp-has-aspect-ratio\"><div class=\"wp-block-embed__wrapper\">\n<iframe loading=\"lazy\" title=\"Welcome to the City of Brussels!\" width=\"500\" height=\"281\" src=\"https:\/\/www.youtube.com\/embed\/MVuLTKAGnec?feature=oembed\" frameborder=\"0\" allow=\"accelerometer; autoplay; clipboard-write; encrypted-media; gyroscope; picture-in-picture; web-share\" referrerpolicy=\"strict-origin-when-cross-origin\" allowfullscreen><\/iframe>\n<\/div><\/figure>\n\n\n\n<div class=\"wp-block-group alignwide is-layout-flow wp-block-group-is-layout-flow\"><\/div>\n","protected":false},"excerpt":{"rendered":"<p>Caros Membros da Associa\u00e7\u00e3o Internacional das Cidades Educadoras, \u00c9 com enorme prazer que o convidamos para aAssembleia Geral da Associa\u00e7\u00e3o Internacional das Cidades Educadoras, que se realizar\u00e1 de 19 a 21 de mar\u00e7o de 2025 em Bruxelas. Desde o s\u00e9culo XIX, a educa\u00e7\u00e3o e a aprendizagem ao longo da vida est\u00e3o no centro das preocupa\u00e7\u00f5es [&hellip;]<\/p>\n","protected":false},"author":1,"featured_media":0,"parent":0,"menu_order":0,"comment_status":"closed","ping_status":"closed","template":"page-no-title","meta":{"footnotes":""},"class_list":["post-124","page","type-page","status-publish","hentry"],"_links":{"self":[{"href":"https:\/\/educatingcities.brussels\/pt\/wp-json\/wp\/v2\/pages\/124","targetHints":{"allow":["GET"]}}],"collection":[{"href":"https:\/\/educatingcities.brussels\/pt\/wp-json\/wp\/v2\/pages"}],"about":[{"href":"https:\/\/educatingcities.brussels\/pt\/wp-json\/wp\/v2\/types\/page"}],"author":[{"embeddable":true,"href":"https:\/\/educatingcities.brussels\/pt\/wp-json\/wp\/v2\/users\/1"}],"replies":[{"embeddable":true,"href":"https:\/\/educatingcities.brussels\/pt\/wp-json\/wp\/v2\/comments?post=124"}],"version-history":[{"count":46,"href":"https:\/\/educatingcities.brussels\/pt\/wp-json\/wp\/v2\/pages\/124\/revisions"}],"predecessor-version":[{"id":453,"href":"https:\/\/educatingcities.brussels\/pt\/wp-json\/wp\/v2\/pages\/124\/revisions\/453"}],"wp:attachment":[{"href":"https:\/\/educatingcities.brussels\/pt\/wp-json\/wp\/v2\/media?parent=124"}],"curies":[{"name":"wp","href":"https:\/\/api.w.org\/{rel}","templated":true}]}}