{"id":245,"date":"2025-03-04T12:45:54","date_gmt":"2025-03-04T11:45:54","guid":{"rendered":"https:\/\/educatingcities.brussels\/pt\/?page_id=245"},"modified":"2025-03-11T13:57:52","modified_gmt":"2025-03-11T12:57:52","slug":"visitas-de-estudo","status":"publish","type":"page","link":"https:\/\/educatingcities.brussels\/pt\/visitas-de-estudo\/","title":{"rendered":"Visitas de estudo"},"content":{"rendered":"\n<div class=\"wp-block-cover alignfull has-parallax has-custom-content-position is-position-bottom-center wp-duotone-unset-1\" style=\"margin-top:0;margin-bottom:0;padding-top:var(--wp--preset--spacing--50);padding-right:var(--wp--preset--spacing--50);padding-bottom:var(--wp--preset--spacing--50);padding-left:var(--wp--preset--spacing--50);min-height:568px;aspect-ratio:unset;\"><span aria-hidden=\"true\" class=\"wp-block-cover__background has-background-dim-40 has-background-dim\"><\/span><div class=\"wp-block-cover__image-background wp-image-186 has-parallax\" style=\"background-position:50% 50%;background-image:url(https:\/\/educatingcities.brussels\/pt\/wp-content\/uploads\/sites\/6\/2025\/02\/bxl-atomium-EDIT-warmweb.jpg)\"><\/div><div class=\"wp-block-cover__inner-container has-global-padding is-layout-constrained wp-container-core-cover-is-layout-1 wp-block-cover-is-layout-constrained\">\n<div class=\"wp-block-group alignwide has-global-padding is-content-justification-left is-layout-constrained wp-container-core-group-is-layout-1 wp-block-group-is-layout-constrained\">\n<h1 class=\"wp-block-heading alignwide\">Visitas de estudo<\/h1>\n\n\n\n<p class=\"has-large-font-size\"><strong>Para saber mais sobre a cidade, as nossas escolas e as iniciativas de educa\u00e7\u00e3o p\u00fablica, propomos 5 visitas de estudo com temas variados!<\/strong><\/p>\n<\/div>\n<\/div><\/div>\n\n\n\n<div class=\"wp-block-group alignwide is-layout-flow wp-block-group-is-layout-flow\">\n<div style=\"height:10px\" aria-hidden=\"true\" class=\"wp-block-spacer\"><\/div>\n\n\n\n<p>\u2192 <a href=\"#1\" data-type=\"internal\" data-id=\"#19\">Desenvolver o multilinguismo e a mobilidade suave<\/a><br>\u2192 <a href=\"#2\" data-type=\"internal\" data-id=\"#20\">A abertura ao bairro e o prazer da leitura no bairro hist\u00f3rico de Marolles<\/a><br>\u2192 <a href=\"#3\" data-type=\"internal\" data-id=\"#3\">Artesanato e arte 9e no cora\u00e7\u00e3o da cidade<\/a><br>\u2192 <a href=\"#4\" data-type=\"internal\" data-id=\"#4\">Reduzir os res\u00edduos e promover a economia circular<\/a><br>\u2192 <a href=\"#5\" data-type=\"internal\" data-id=\"#5\">Inova\u00e7\u00f5es urbanas para fazer face a secas e inunda\u00e7\u00f5es<\/a><\/p>\n\n\n\n<hr class=\"wp-block-separator has-text-color has-contrast-color has-alpha-channel-opacity has-contrast-background-color has-background is-style-tw-dotted\" style=\"margin-top:var(--wp--preset--spacing--50);margin-bottom:var(--wp--preset--spacing--50)\"\/>\n\n\n\n<div class=\"wp-block-columns is-layout-flex wp-container-core-columns-is-layout-1 wp-block-columns-is-layout-flex\">\n<div class=\"wp-block-column is-layout-flow wp-block-column-is-layout-flow\" style=\"flex-basis:475px\">\n<h2 class=\"wp-block-heading\" id=\"1\">Desenvolver o multilinguismo e a mobilidade suave<\/h2>\n\n\n\n<p>\ud83d\udd5c 8h45<br>\ud83d\udccd Bourse<br>(<a href=\"https:\/\/www.google.fr\/maps\/place\/Pl.+de+la+Bourse,+1000+Bruxelles\/@50.8485736,4.3489391,19z\/data=!3m1!4b1!4m6!3m5!1s0x47c3c387820a653f:0x25c4fa4866a24d3d!8m2!3d50.8485728!4d4.3495828!16s%2Fg%2F120l3241?entry=ttu&amp;g_ep=EgoyMDI1MDMwNC4wIKXMDSoASAFQAw%3D%3D\">Place de la Bourse, 1000 Bruxelles<\/a>)<\/p>\n<\/div>\n\n\n\n<div class=\"wp-block-column is-layout-flow wp-block-column-is-layout-flow\">\n<p>No cora\u00e7\u00e3o do bairro do Pent\u00e1gono, convidamo-lo a a participar <strong>no maior passeio pedestre da Europa <\/strong>para descobrir as iniciativas do Ath\u00e9n\u00e9e L\u00e9on Lepage e depois os projetos inovadores do centro cultural e desportivo Tour \u00e0 Plomb.<\/p>\n<\/div>\n<\/div>\n\n\n\n<hr class=\"wp-block-separator has-text-color has-contrast-color has-alpha-channel-opacity has-contrast-background-color has-background is-style-tw-dotted\" style=\"margin-top:var(--wp--preset--spacing--50);margin-bottom:var(--wp--preset--spacing--50)\"\/>\n\n\n\n<div class=\"wp-block-columns is-layout-flex wp-container-core-columns-is-layout-2 wp-block-columns-is-layout-flex\">\n<div class=\"wp-block-column is-layout-flow wp-block-column-is-layout-flow\" style=\"flex-basis:475px\">\n<h2 class=\"wp-block-heading\" id=\"2\">A abertura ao bairro e o prazer da leitura no bairro hist\u00f3rico de Marolles<\/h2>\n\n\n\n<p>\ud83d\udd5c 8h45<br>\ud83d\udccd Biblioth\u00e8que Bruegel<br>(<a href=\"https:\/\/www.google.fr\/maps\/place\/Biblioth%C3%A8que+Bruegel\/@50.8365654,4.343054,16z\/data=!3m1!4b1!4m6!3m5!1s0x47c3c464ddd257c7:0x9dfe30b491f8101f!8m2!3d50.8365621!4d4.3479249!16s%2Fg%2F1v_nbp7x?entry=ttu&amp;g_ep=EgoyMDI1MDMwNC4wIKXMDSoASAFQAw%3D%3D\">Rue Haute, 245, 1000 Bruxelles<\/a>)<\/p>\n<\/div>\n\n\n\n<div class=\"wp-block-column is-layout-flow wp-block-column-is-layout-flow\">\n<p>Situada <strong>num dos bairros mais antigos e populares de Bruxelas<\/strong>, descubra a Biblioteca Open +, acess\u00edvel a todos fora do hor\u00e1rio de funcionamento e sem a presen\u00e7a de bibliotec\u00e1rios.<\/p>\n\n\n\n<p>Em seguida, vamos descobrir a<strong> casa de repouso e de cuidados \u00ab\u00a0Aux ursulines\u00a0\u00bb<\/strong>, um s\u00edtio fant\u00e1stico para viver, aberto ao bairro.<\/p>\n<\/div>\n<\/div>\n\n\n\n<hr class=\"wp-block-separator has-text-color has-contrast-color has-alpha-channel-opacity has-contrast-background-color has-background is-style-tw-dotted\" style=\"margin-top:var(--wp--preset--spacing--50);margin-bottom:var(--wp--preset--spacing--50)\"\/>\n\n\n\n<div class=\"wp-block-columns is-layout-flex wp-container-core-columns-is-layout-3 wp-block-columns-is-layout-flex\">\n<div class=\"wp-block-column is-layout-flow wp-block-column-is-layout-flow\" style=\"flex-basis:475px\">\n<h2 class=\"wp-block-heading\" id=\"3\"><strong>Artesanato e arte 9<sup>e<\/sup> no cora\u00e7\u00e3o da cidade<\/strong><\/h2>\n\n\n\n<p>\ud83d\udd5c 8h45<br>\ud83d\udccd BDth\u00e8que Brand Whitlock<br>(<a href=\"https:\/\/www.google.fr\/maps\/place\/BDth%C3%A8que+Brand+Whitlock\/@50.8415004,4.3535238,16z\/data=!3m1!4b1!4m6!3m5!1s0x47c3c47ddaa7aa19:0x13f9f3a478ed66d1!8m2!3d50.841497!4d4.3560987!16s%2Fg%2F1tfwcntg?entry=ttu&amp;g_ep=EgoyMDI1MDMwNC4wIKXMDSoASAFQAw%3D%3D\">Rue Sainte-Anne 10, 1000 Bruxelles<\/a>)<\/p>\n<\/div>\n\n\n\n<div class=\"wp-block-column is-layout-flow wp-block-column-is-layout-flow\">\n<p>Nas novas instala\u00e7\u00f5es do<strong> Instituto de Joalharia e Artes Decorativas Jeanne Toussaint<\/strong>, os of\u00edcios manuais revelam-se entre o saber-fazer tradicional e a modernidade.<\/p>\n\n\n\n<p>Depois, seguindo um rasto de frescos de banda desenhada pelas ruas do centro da cidade, encontramos a <strong>biblioteca de banda desenhada da cidade de Bruxelas<\/strong>, concebida para responder o melhor poss\u00edvel \u00e0s necessidades dos seus leitores, mas tamb\u00e9m para se fixar no famoso bairro de Sablon.<\/p>\n<\/div>\n<\/div>\n\n\n\n<hr class=\"wp-block-separator has-text-color has-contrast-color has-alpha-channel-opacity has-contrast-background-color has-background is-style-tw-dotted\" style=\"margin-top:var(--wp--preset--spacing--50);margin-bottom:var(--wp--preset--spacing--50)\"\/>\n\n\n\n<div class=\"wp-block-columns is-layout-flex wp-container-core-columns-is-layout-4 wp-block-columns-is-layout-flex\">\n<div class=\"wp-block-column is-layout-flow wp-block-column-is-layout-flow\" style=\"flex-basis:475px\">\n<h2 class=\"wp-block-heading\" id=\"4\">Reduzir os res\u00edduos e promover a economia circular<\/h2>\n\n\n\n<p>\ud83d\udd5c 8h30<br>\ud83d\udccd Bourse<br>(<a href=\"https:\/\/www.google.fr\/maps\/place\/Pl.+de+la+Bourse,+1000+Bruxelles\/@50.8485736,4.3489391,19z\/data=!3m1!4b1!4m6!3m5!1s0x47c3c387820a653f:0x25c4fa4866a24d3d!8m2!3d50.8485728!4d4.3495828!16s%2Fg%2F120l3241?entry=ttu&amp;g_ep=EgoyMDI1MDMwNC4wIKXMDSoASAFQAw%3D%3D\">Place de la Bourse, 1000 Bruxelles<\/a>)<\/p>\n<\/div>\n\n\n\n<div class=\"wp-block-column is-layout-flow wp-block-column-is-layout-flow\">\n<p>A gest\u00e3o e a redu\u00e7\u00e3o dos res\u00edduos \u00e9 uma quest\u00e3o importante para as institui\u00e7\u00f5es p\u00fablicas. Convidamo-lo a visitar a <strong>escola prim\u00e1ria Emile Andr\u00e9<\/strong>, que h\u00e1 v\u00e1rios anos desenvolve medidas ecol\u00f3gicas ambiciosas para os seus alunos.<\/p>\n\n\n\n<p>O <strong>projeto CYCLUP<\/strong>, mesmo em frente, trabalha para promover a integra\u00e7\u00e3o social e profissional ao mesmo tempo que desenvolve projetos de economia circular (lojas de roupa em segunda m\u00e3o, retrosarias e lojas UpCycling).<\/p>\n<\/div>\n<\/div>\n\n\n\n<hr class=\"wp-block-separator has-text-color has-contrast-color has-alpha-channel-opacity has-contrast-background-color has-background is-style-tw-dotted\" style=\"margin-top:var(--wp--preset--spacing--50);margin-bottom:var(--wp--preset--spacing--50)\"\/>\n\n\n\n<div class=\"wp-block-columns is-layout-flex wp-container-core-columns-is-layout-5 wp-block-columns-is-layout-flex\">\n<div class=\"wp-block-column is-layout-flow wp-block-column-is-layout-flow\" style=\"flex-basis:475px\">\n<h2 class=\"wp-block-heading\" id=\"5\">Inova\u00e7\u00f5es urbanas para fazer face a secas e inunda\u00e7\u00f5es<\/h2>\n\n\n\n<p>\ud83d\udd5c 8h30<br>\ud83d\udccd Place De Brouck\u00e8re<br>(<a href=\"https:\/\/www.google.fr\/maps\/place\/Pl.+De+Brouck%C3%A8re,+1000+Bruxelles\/@50.8512147,4.3503123,17z\/data=!3m1!4b1!4m6!3m5!1s0x47c3c381349c77d7:0xe9b094457f48a599!8m2!3d50.8512113!4d4.3528872!16s%2Fg%2F1q5bnbfxr?entry=ttu&amp;g_ep=EgoyMDI1MDMwNC4wIKXMDSoASAFQAw%3D%3D\">Place de Brouck\u00e8re, 1000 Bruxelles<\/a>)<\/p>\n<\/div>\n\n\n\n<div class=\"wp-block-column is-layout-flow wp-block-column-is-layout-flow\">\n<p>Descubra as v\u00e1rias iniciativas desenvolvidas no bairro norte de Bruxelas para <strong>combater as inunda\u00e7\u00f5es, proteger contra as ondas de calor e dar nova vida aos espa\u00e7os p\u00fablicos<\/strong>.<\/p>\n\n\n\n<p>A visita come\u00e7a na <strong>escola prim\u00e1ria Emile Bockstael<\/strong>, passa pela Pra\u00e7a Marsupilami e pelo Atomium e termina com uma visita ao p\u00e1tio da escola prim\u00e1ria Les Magnolias.<\/p>\n<\/div>\n<\/div>\n<\/div>\n\n\n\n<p><\/p>\n","protected":false},"excerpt":{"rendered":"<p>\u2192 Desenvolver o multilinguismo e a mobilidade suave\u2192 A abertura ao bairro e o prazer da leitura no bairro hist\u00f3rico de Marolles\u2192 Artesanato e arte 9e no cora\u00e7\u00e3o da cidade\u2192 Reduzir os res\u00edduos e promover a economia circular\u2192 Inova\u00e7\u00f5es urbanas para fazer face a secas e inunda\u00e7\u00f5es Desenvolver o multilinguismo e a mobilidade suave \ud83d\udd5c [&hellip;]<\/p>\n","protected":false},"author":1,"featured_media":0,"parent":0,"menu_order":0,"comment_status":"closed","ping_status":"closed","template":"page-no-title","meta":{"footnotes":""},"class_list":["post-245","page","type-page","status-publish","hentry"],"_links":{"self":[{"href":"https:\/\/educatingcities.brussels\/pt\/wp-json\/wp\/v2\/pages\/245","targetHints":{"allow":["GET"]}}],"collection":[{"href":"https:\/\/educatingcities.brussels\/pt\/wp-json\/wp\/v2\/pages"}],"about":[{"href":"https:\/\/educatingcities.brussels\/pt\/wp-json\/wp\/v2\/types\/page"}],"author":[{"embeddable":true,"href":"https:\/\/educatingcities.brussels\/pt\/wp-json\/wp\/v2\/users\/1"}],"replies":[{"embeddable":true,"href":"https:\/\/educatingcities.brussels\/pt\/wp-json\/wp\/v2\/comments?post=245"}],"version-history":[{"count":14,"href":"https:\/\/educatingcities.brussels\/pt\/wp-json\/wp\/v2\/pages\/245\/revisions"}],"predecessor-version":[{"id":389,"href":"https:\/\/educatingcities.brussels\/pt\/wp-json\/wp\/v2\/pages\/245\/revisions\/389"}],"wp:attachment":[{"href":"https:\/\/educatingcities.brussels\/pt\/wp-json\/wp\/v2\/media?parent=245"}],"curies":[{"name":"wp","href":"https:\/\/api.w.org\/{rel}","templated":true}]}}