{"id":345,"date":"2025-03-04T21:42:45","date_gmt":"2025-03-04T20:42:45","guid":{"rendered":"https:\/\/educatingcities.brussels\/pt\/?page_id=345"},"modified":"2025-03-11T14:13:20","modified_gmt":"2025-03-11T13:13:20","slug":"transportes","status":"publish","type":"page","link":"https:\/\/educatingcities.brussels\/pt\/transportes\/","title":{"rendered":"Transportes e acesso"},"content":{"rendered":"\n<div class=\"wp-block-cover alignfull has-parallax has-custom-content-position is-position-bottom-center wp-duotone-unset-1\" style=\"margin-top:0;margin-bottom:0;padding-top:var(--wp--preset--spacing--50);padding-right:var(--wp--preset--spacing--50);padding-bottom:var(--wp--preset--spacing--50);padding-left:var(--wp--preset--spacing--50);min-height:568px;aspect-ratio:unset;\"><span aria-hidden=\"true\" class=\"wp-block-cover__background has-background-dim-40 has-background-dim\"><\/span><div class=\"wp-block-cover__image-background wp-image-186 has-parallax\" style=\"background-position:50% 50%;background-image:url(https:\/\/educatingcities.brussels\/pt\/wp-content\/uploads\/sites\/6\/2025\/02\/bxl-atomium-EDIT-warmweb.jpg)\"><\/div><div class=\"wp-block-cover__inner-container has-global-padding is-layout-constrained wp-container-core-cover-is-layout-1 wp-block-cover-is-layout-constrained\">\n<div class=\"wp-block-group alignwide has-global-padding is-content-justification-left is-layout-constrained wp-container-core-group-is-layout-1 wp-block-group-is-layout-constrained\">\n<h1 class=\"wp-block-heading alignwide\">Transportes e acesso<\/h1>\n<\/div>\n<\/div><\/div>\n\n\n\n<div style=\"height:9px\" aria-hidden=\"true\" class=\"wp-block-spacer\"><\/div>\n\n\n\n<div class=\"wp-block-group alignwide is-layout-flow wp-block-group-is-layout-flow\">\n<h2 class=\"wp-block-heading\">Locais de refer\u00eancia<\/h2>\n\n\n\n<ul class=\"wp-block-list\">\n<li>A reuni\u00e3o do Comit\u00ea Executivo ocorrer\u00e1 em \ud83d\udccd <a href=\"https:\/\/www.google.fr\/maps\/place\/Rue+des+Halles+4,+1000+Bruxelles\/@50.8472556,4.3348663,1499m\/data=!3m1!1e3!4m6!3m5!1s0x47c3c3870a24b53f:0x14d8e8b0a06fb322!8m2!3d50.8500591!4d4.3502044!16s%2Fg%2F11c2g83tn9?entry=ttu&amp;g_ep=EgoyMDI1MDMwNC4wIKXMDSoASAFQAw%3D%3D\" target=\"_blank\" rel=\"noreferrer noopener\">Brucity (Rue des Halles 4, 1000 Bruxelles)<\/a>.<\/li>\n\n\n\n<li>A Assembleia Geral ocorrer\u00e1 em \ud83d\udccd <a href=\"https:\/\/www.google.fr\/maps\/place\/Bd+de+l'Abattoir+50,+1000+Bruxelles\/@50.8472556,4.3348663,1499m\/data=!3m2!1e3!4b1!4m6!3m5!1s0x47c3c475bd172b77:0x9f2e923f0b8ed84c!8m2!3d50.8472522!4d4.3374412!16s%2Fg%2F11c5c_hyz7?entry=ttu&amp;g_ep=EgoyMDI1MDMwNC4wIKXMDSoASAFQAw%3D%3D\" target=\"_blank\" rel=\"noreferrer noopener\">Institut des Arts et M\u00e9tiers (Avenue de l&rsquo;Abattoir 50, 1000 Bruxelles)<\/a>.<\/li>\n\n\n\n<li>Para acessar as visitas de estudo, acesse \ud83d\udd17 a <a href=\"https:\/\/educatingcities.brussels\/pt\/visitas-de-estudo\/\" data-type=\"page\" data-id=\"245\" target=\"_blank\" rel=\"noreferrer noopener\">p\u00e1gina das Visitas de Estudo<\/a>.<\/li>\n<\/ul>\n\n\n\n<h3 class=\"wp-block-heading\">Outros locais<\/h3>\n\n\n\n<p>\ud83d\udd17 <a href=\"https:\/\/www.google.com\/maps?q=Mapa+de+Transportes+P\u00fablicos+de+Bruxelas\" target=\"_blank\" rel=\"noopener\">Mapa dos Transportes P\u00fablicos de Bruxelas<\/a><\/p>\n\n\n\n<p>\ud83d\udd17 <a href=\"https:\/\/www.google.com\/maps?q=Mapa+da+Cidade+de+Bruxelas\" target=\"_blank\" rel=\"noopener\">Mapa da Cidade de Bruxelas<\/a><\/p>\n<\/div>\n\n\n\n<p><\/p>\n","protected":false},"excerpt":{"rendered":"<p>Locais de refer\u00eancia Outros locais \ud83d\udd17 Mapa dos Transportes P\u00fablicos de Bruxelas \ud83d\udd17 Mapa da Cidade de Bruxelas<\/p>\n","protected":false},"author":1,"featured_media":0,"parent":0,"menu_order":0,"comment_status":"closed","ping_status":"closed","template":"page-no-title","meta":{"footnotes":""},"class_list":["post-345","page","type-page","status-publish","hentry"],"_links":{"self":[{"href":"https:\/\/educatingcities.brussels\/pt\/wp-json\/wp\/v2\/pages\/345","targetHints":{"allow":["GET"]}}],"collection":[{"href":"https:\/\/educatingcities.brussels\/pt\/wp-json\/wp\/v2\/pages"}],"about":[{"href":"https:\/\/educatingcities.brussels\/pt\/wp-json\/wp\/v2\/types\/page"}],"author":[{"embeddable":true,"href":"https:\/\/educatingcities.brussels\/pt\/wp-json\/wp\/v2\/users\/1"}],"replies":[{"embeddable":true,"href":"https:\/\/educatingcities.brussels\/pt\/wp-json\/wp\/v2\/comments?post=345"}],"version-history":[{"count":4,"href":"https:\/\/educatingcities.brussels\/pt\/wp-json\/wp\/v2\/pages\/345\/revisions"}],"predecessor-version":[{"id":401,"href":"https:\/\/educatingcities.brussels\/pt\/wp-json\/wp\/v2\/pages\/345\/revisions\/401"}],"wp:attachment":[{"href":"https:\/\/educatingcities.brussels\/pt\/wp-json\/wp\/v2\/media?parent=345"}],"curies":[{"name":"wp","href":"https:\/\/api.w.org\/{rel}","templated":true}]}}